{"id":7963,"date":"2021-08-02T00:23:52","date_gmt":"2021-08-01T22:23:52","guid":{"rendered":"https:\/\/tplabs.co\/ametok\/?page_id=7963"},"modified":"2023-11-02T15:16:28","modified_gmt":"2023-11-02T14:16:28","slug":"about-us","status":"publish","type":"page","link":"https:\/\/www.hofmann.com.pl\/de\/about-us\/","title":{"rendered":"\u00dcber uns"},"content":{"rendered":"<div data-elementor-type=\"wp-page\" data-elementor-id=\"7963\" class=\"elementor elementor-7963\">\n\t\t\t\t\t\t\t\t\t<section class=\"elementor-section elementor-top-section elementor-element elementor-element-23af92d elementor-section-boxed elementor-section-height-default elementor-section-height-default\" data-id=\"23af92d\" data-element_type=\"section\">\n\t\t\t\t\t\t<div class=\"elementor-container elementor-column-gap-default\">\n\t\t\t\t\t<div class=\"elementor-column elementor-col-100 elementor-top-column elementor-element elementor-element-eefdacc\" data-id=\"eefdacc\" data-element_type=\"column\">\n\t\t\t<div class=\"elementor-widget-wrap elementor-element-populated\">\n\t\t\t\t\t\t\t\t<div class=\"elementor-element elementor-element-16bba84 elementor-widget elementor-widget-spacer\" data-id=\"16bba84\" data-element_type=\"widget\" data-widget_type=\"spacer.default\">\n\t\t\t\t<div class=\"elementor-widget-container\">\n\t\t\t<style>\/*! elementor - v3.15.0 - 09-08-2023 *\/\n.elementor-column .elementor-spacer-inner{height:var(--spacer-size)}.e-con{--container-widget-width:100%}.e-con-inner>.elementor-widget-spacer,.e-con>.elementor-widget-spacer{width:var(--container-widget-width,var(--spacer-size));--align-self:var(--container-widget-align-self,initial);--flex-shrink:0}.e-con-inner>.elementor-widget-spacer>.elementor-widget-container,.e-con-inner>.elementor-widget-spacer>.elementor-widget-container>.elementor-spacer,.e-con>.elementor-widget-spacer>.elementor-widget-container,.e-con>.elementor-widget-spacer>.elementor-widget-container>.elementor-spacer{height:100%}.e-con-inner>.elementor-widget-spacer>.elementor-widget-container>.elementor-spacer>.elementor-spacer-inner,.e-con>.elementor-widget-spacer>.elementor-widget-container>.elementor-spacer>.elementor-spacer-inner{height:var(--container-widget-height,var(--spacer-size))}<\/style>\t\t<div class=\"elementor-spacer\">\n\t\t\t<div class=\"elementor-spacer-inner\"><\/div>\n\t\t<\/div>\n\t\t\t\t<\/div>\n\t\t\t\t<\/div>\n\t\t\t\t<section class=\"elementor-section elementor-inner-section elementor-element elementor-element-39150e8 elementor-section-boxed elementor-section-height-default elementor-section-height-default\" data-id=\"39150e8\" data-element_type=\"section\">\n\t\t\t\t\t\t<div class=\"elementor-container elementor-column-gap-default\">\n\t\t\t\t\t<div class=\"elementor-column elementor-col-50 elementor-inner-column elementor-element elementor-element-1aa301a\" data-id=\"1aa301a\" data-element_type=\"column\">\n\t\t\t<div class=\"elementor-widget-wrap elementor-element-populated\">\n\t\t\t\t\t\t\t\t<div class=\"elementor-element elementor-element-f89ee5b align-left elementor-invisible elementor-widget elementor-widget-mae-headings\" data-id=\"f89ee5b\" data-element_type=\"widget\" data-widget_type=\"mae-headings.default\">\n\t\t\t\t<div class=\"elementor-widget-container\">\n\t\t\t\t\t<div class=\"master-heading sep-top\">\n\t\t\t<div class=\"sep\"><\/div>\t        \t        \t<div class=\"pre-heading\">\u00dcber uns<\/div>\n\t        \n\t        \n\t        \n\t        \n\t        \t    <\/div>\n\t    \t\t<\/div>\n\t\t\t\t<\/div>\n\t\t\t\t<div class=\"elementor-element elementor-element-e5e6e53 elementor-widget elementor-widget-text-editor\" data-id=\"e5e6e53\" data-element_type=\"widget\" data-widget_type=\"text-editor.default\">\n\t\t\t\t<div class=\"elementor-widget-container\">\n\t\t\t<style>\/*! elementor - v3.15.0 - 09-08-2023 *\/\n.elementor-widget-text-editor.elementor-drop-cap-view-stacked .elementor-drop-cap{background-color:#69727d;color:#fff}.elementor-widget-text-editor.elementor-drop-cap-view-framed .elementor-drop-cap{color:#69727d;border:3px solid;background-color:transparent}.elementor-widget-text-editor:not(.elementor-drop-cap-view-default) .elementor-drop-cap{margin-top:8px}.elementor-widget-text-editor:not(.elementor-drop-cap-view-default) .elementor-drop-cap-letter{width:1em;height:1em}.elementor-widget-text-editor .elementor-drop-cap{float:left;text-align:center;line-height:1;font-size:50px}.elementor-widget-text-editor .elementor-drop-cap-letter{display:inline-block}<\/style>\t\t\t\t<p>Das Unternehmen Hofmann Natursteinwerke Polen GmbH Sp. z o.o. wurde im Jahr 1996 gegr\u00fcndet. In der Anfangsphase beschr\u00e4nkte sich das Unternehmen auf den Abbau und die Ausfuhr von Warthauer Sandstein, der im unternehmenseigenen Steinbruch \"Wartowice\" in Wartowice gewonnen wurde. Im Jahr 1997 wurde auf einem gekauften Grundst\u00fcck in Warta Boles\u0142awiecka ein gro\u00dfer Lagerplatz f\u00fcr Warthauer Sandsteinbl\u00f6cke eingerichtet. Dieser Lagerplatz wurde mit einem gro\u00dfen Portalkran und Sozialcontainern ausgestattet. Im Jahr 1998 wurde auf dem Platz neue Produktionshalle mit einer Fl\u00e4che von 1000 m2 errichtet, die mit einem Br\u00fcckenkran und Gattern ausgestattet wurde. Dadurch wurden Bedingungen f\u00fcr die Herstellung von Rohplatten aus Sandstein geschaffen. In den folgenden Jahren wurde das Natursteinwerk mit einer Schleifstra\u00dfe und einer Fr\u00e4se zum Formatieren von Platten ausgestattet.\u00a0<\/p><p><span style=\"font-size: 18px; color: var(--e-global-color-ametok_text);\">Dadurch wurden Bedingungen f\u00fcr eine umfassende Produktion von Platten und Fassadenelementen geschaffen. Im Jahr 2003 wurde ein zweiter Steinbruch auf dem erworbenen eigenen Grundst\u00fcck in Ska\u0142a in Betrieb genommen. Der dort abgebaute Sandstein tr\u00e4gt den Handelsnamen \"Hohenzollern Park\" und wird seit 2003 kontinuierlich abgebaut und angeboten.<\/span><\/p>\t\t\t\t\t\t<\/div>\n\t\t\t\t<\/div>\n\t\t\t\t\t<\/div>\n\t\t<\/div>\n\t\t\t\t<div class=\"elementor-column elementor-col-50 elementor-inner-column elementor-element elementor-element-214f171\" data-id=\"214f171\" data-element_type=\"column\">\n\t\t\t<div class=\"elementor-widget-wrap elementor-element-populated\">\n\t\t\t\t\t\t\t\t<div class=\"elementor-element elementor-element-403db21 image-width-full elementor-widget elementor-widget-mae-gallery-stack\" data-id=\"403db21\" data-element_type=\"widget\" data-widget_type=\"mae-gallery-stack.default\">\n\t\t\t\t<div class=\"elementor-widget-container\">\n\t\t\t\t\t<div class=\"master-gallery-stack\">\n\t\t\t<div class=\"master-fancy-image elementor-repeater-item-62400d2\" data-top=\"80px\" data-parallax='{\"x\" : 60, \"y\" : 0, \"smoothness\" : 30}'>\n\t\t\t\t\t\t\t\t\t<div class=\"image-wrap\"><img loading=\"lazy\" decoding=\"async\" width=\"1920\" height=\"2560\" src=\"https:\/\/www.hofmann.com.pl\/wp-content\/uploads\/2023\/08\/2014-10-03-09.00.44-scaled.jpg\" class=\"attachment-full size-full\" alt=\"\" srcset=\"https:\/\/www.hofmann.com.pl\/wp-content\/uploads\/2023\/08\/2014-10-03-09.00.44-scaled.jpg 1920w, https:\/\/www.hofmann.com.pl\/wp-content\/uploads\/2023\/08\/2014-10-03-09.00.44-scaled-600x800.jpg 600w, https:\/\/www.hofmann.com.pl\/wp-content\/uploads\/2023\/08\/2014-10-03-09.00.44-225x300.jpg 225w, https:\/\/www.hofmann.com.pl\/wp-content\/uploads\/2023\/08\/2014-10-03-09.00.44-768x1024.jpg 768w, https:\/\/www.hofmann.com.pl\/wp-content\/uploads\/2023\/08\/2014-10-03-09.00.44-1152x1536.jpg 1152w, https:\/\/www.hofmann.com.pl\/wp-content\/uploads\/2023\/08\/2014-10-03-09.00.44-1536x2048.jpg 1536w\" sizes=\"auto, (max-width: 1920px) 100vw, 1920px\" \/><\/div>\n\t\t\t\t\t\t\t\t<\/div><div class=\"master-fancy-image elementor-repeater-item-b9fdf14\" data-top=\"0px\" data-parallax='{\"x\" : -60, \"y\" : 0, \"smoothness\" : 30}'>\n\t\t\t\t\t\t\t\t\t<div class=\"image-wrap\"><img loading=\"lazy\" decoding=\"async\" width=\"1920\" height=\"2560\" src=\"https:\/\/www.hofmann.com.pl\/wp-content\/uploads\/2023\/08\/IMG_7494-scaled.jpg\" class=\"attachment-full size-full\" alt=\"\" srcset=\"https:\/\/www.hofmann.com.pl\/wp-content\/uploads\/2023\/08\/IMG_7494-scaled.jpg 1920w, https:\/\/www.hofmann.com.pl\/wp-content\/uploads\/2023\/08\/IMG_7494-scaled-600x800.jpg 600w, https:\/\/www.hofmann.com.pl\/wp-content\/uploads\/2023\/08\/IMG_7494-225x300.jpg 225w, https:\/\/www.hofmann.com.pl\/wp-content\/uploads\/2023\/08\/IMG_7494-768x1024.jpg 768w, https:\/\/www.hofmann.com.pl\/wp-content\/uploads\/2023\/08\/IMG_7494-1152x1536.jpg 1152w, https:\/\/www.hofmann.com.pl\/wp-content\/uploads\/2023\/08\/IMG_7494-1536x2048.jpg 1536w\" sizes=\"auto, (max-width: 1920px) 100vw, 1920px\" \/><\/div>\n\t\t\t\t\t\t\t\t<\/div>\t\t<\/div>\n\t    \t\t<\/div>\n\t\t\t\t<\/div>\n\t\t\t\t<div class=\"elementor-element elementor-element-63a971e elementor-hidden-desktop elementor-hidden-tablet elementor-widget elementor-widget-spacer\" data-id=\"63a971e\" data-element_type=\"widget\" data-widget_type=\"spacer.default\">\n\t\t\t\t<div class=\"elementor-widget-container\">\n\t\t\t\t\t<div class=\"elementor-spacer\">\n\t\t\t<div class=\"elementor-spacer-inner\"><\/div>\n\t\t<\/div>\n\t\t\t\t<\/div>\n\t\t\t\t<\/div>\n\t\t\t\t\t<\/div>\n\t\t<\/div>\n\t\t\t\t\t\t\t<\/div>\n\t\t<\/section>\n\t\t\t\t\t<\/div>\n\t\t<\/div>\n\t\t\t\t\t\t\t<\/div>\n\t\t<\/section>\n\t\t\t\t<section class=\"elementor-section elementor-top-section elementor-element elementor-element-20f4fb3 elementor-section-boxed elementor-section-height-default elementor-section-height-default\" data-id=\"20f4fb3\" data-element_type=\"section\">\n\t\t\t\t\t\t<div class=\"elementor-container elementor-column-gap-default\">\n\t\t\t\t\t<div class=\"elementor-column elementor-col-100 elementor-top-column elementor-element elementor-element-4ec2bf8\" data-id=\"4ec2bf8\" data-element_type=\"column\">\n\t\t\t<div class=\"elementor-widget-wrap elementor-element-populated\">\n\t\t\t\t\t\t\t\t<div class=\"elementor-element elementor-element-2faec88 elementor-widget elementor-widget-spacer\" data-id=\"2faec88\" data-element_type=\"widget\" data-widget_type=\"spacer.default\">\n\t\t\t\t<div class=\"elementor-widget-container\">\n\t\t\t\t\t<div class=\"elementor-spacer\">\n\t\t\t<div class=\"elementor-spacer-inner\"><\/div>\n\t\t<\/div>\n\t\t\t\t<\/div>\n\t\t\t\t<\/div>\n\t\t\t\t<div class=\"elementor-element elementor-element-5b74423 elementor-widget elementor-widget-text-editor\" data-id=\"5b74423\" data-element_type=\"widget\" data-widget_type=\"text-editor.default\">\n\t\t\t\t<div class=\"elementor-widget-container\">\n\t\t\t\t\t\t\t<p>Im Jahr 2019 wurde ein weiterer Steinbruch in Ska\u0142a er\u00f6ffnet, wo der Naturstein mit dem Handelsnamen \"Ska\u0142a - West\" abgebaut wird. Dieser Sandstein \u00e4hnelt in seiner Struktur den Sandsteinen aus dem Pirnaer Gebiet in Sachsen, weist jedoch wesentlich bessere technische Parameter auf. Nach der Aufschlie\u00dfung der Lagerst\u00e4tte und der Gewinnung von ca. 200 m3 wurde der Abbau wegen der N\u00e4he und \u00c4hnlichkeit zum Sandstein \"Hohenzollern Park\" vor\u00fcbergehend eingestellt.<\/p><p>In den Jahren 2006 bis 2009 verkaufte das Unternehmen rund 45.000 m2 Fassadenplatten j\u00e4hrlich. Sp\u00e4ter verringerte sich dieses Volumen aufgrund von neuen Plattensortimenten mit neuen Strukturen, die auf dem Markt der Fassaden angeboten wurden. Nachdem die Nachfrage nach Fassadenplatten zur\u00fcckgegangen ist, sank die Anzahl der hergestellten Elemente; derzeit werden komplexe Fassadenplanung und -ausf\u00fchrung angeboten. Das Unternehmen stellt aus seinen eigenen Sandsteinen eigentlich alle Produkte her, f\u00fcr die es Nachfrage gibt \u2013 Bl\u00f6cke, S\u00e4gest\u00fccke, Platten aber auch komplizierte architektonische Elemente, die Fachwissen und komplizierte manuelle Bearbeitung erfordern<\/p><p>Der gr\u00f6\u00dfte Auftrag in den Jahren 2014-17 war die Lieferung von Sandstein in Form von Bl\u00f6cken, S\u00e4gest\u00fccken und Elementen f\u00fcr die Fassade des wiederaufgebauten Schlosses in Berlin in einer Menge von ca. 6.000 m3. Der Warthauer Sandstein ist seit etwa 400 Jahren im Bauwesen bekannt und  verwendet.<\/p><p>Das Unternehmen nutzt seine Vorkommen kontinuierlich aus und deckt die Nachfrage danach auf dem polnischen und europ\u00e4ischen Markt. Zurzeit verf\u00fcgen wir \u00fcber eine hohe  Produktionskapazit\u00e4t an Erzeugnissen aus unseren eigenen Sandsteinen \"Warthauer\", \"Warthauer-Santon\" , \"Hohenzollern Park\" und \"Ska\u0142a-West\".<\/p>\t\t\t\t\t\t<\/div>\n\t\t\t\t<\/div>\n\t\t\t\t\t<\/div>\n\t\t<\/div>\n\t\t\t\t\t\t\t<\/div>\n\t\t<\/section>\n\t\t\t\t<section class=\"elementor-section elementor-top-section elementor-element elementor-element-b095a83 elementor-section-stretched elementor-section-boxed elementor-section-height-default elementor-section-height-default\" data-id=\"b095a83\" data-element_type=\"section\" data-settings=\"{&quot;stretch_section&quot;:&quot;section-stretched&quot;,&quot;background_background&quot;:&quot;classic&quot;}\">\n\t\t\t\t\t\t<div class=\"elementor-container elementor-column-gap-no\">\n\t\t\t\t\t<div class=\"elementor-column elementor-col-100 elementor-top-column elementor-element elementor-element-637426f\" data-id=\"637426f\" data-element_type=\"column\">\n\t\t\t<div class=\"elementor-widget-wrap elementor-element-populated\">\n\t\t\t\t\t\t\t\t<div class=\"elementor-element elementor-element-8bc234b elementor-widget elementor-widget-spacer\" data-id=\"8bc234b\" data-element_type=\"widget\" data-widget_type=\"spacer.default\">\n\t\t\t\t<div class=\"elementor-widget-container\">\n\t\t\t\t\t<div class=\"elementor-spacer\">\n\t\t\t<div class=\"elementor-spacer-inner\"><\/div>\n\t\t<\/div>\n\t\t\t\t<\/div>\n\t\t\t\t<\/div>\n\t\t\t\t<section class=\"elementor-section elementor-inner-section elementor-element elementor-element-618c991 elementor-section-boxed elementor-section-height-default elementor-section-height-default\" data-id=\"618c991\" data-element_type=\"section\">\n\t\t\t\t\t\t<div class=\"elementor-container elementor-column-gap-default\">\n\t\t\t\t\t<div class=\"elementor-column elementor-col-50 elementor-inner-column elementor-element elementor-element-cd6ec04\" data-id=\"cd6ec04\" data-element_type=\"column\">\n\t\t\t<div class=\"elementor-widget-wrap elementor-element-populated\">\n\t\t\t\t\t\t\t\t<div class=\"elementor-element elementor-element-11ac377 icon-position-left align--mobilecenter icon-has-bg hover-effect-none elementor-widget elementor-widget-mae-icon-box\" data-id=\"11ac377\" data-element_type=\"widget\" data-widget_type=\"mae-icon-box.default\">\n\t\t\t\t<div class=\"elementor-widget-container\">\n\t\t\t\n        <div class=\"master-icon-box\" >\n                        \n            <div class=\"inner\">\n                <div class=\"icon-wrap\"><div class=\"master-icon\"><i class=\"ins ins-industrial-robot\"><\/i><\/div><\/div>\n                <div class=\"text-wrap\">\n                    <div class=\"desc\">Wir stehen Ihnen unter folgender Adresse gerne zur Verf\u00fcgung: Hofmann Natursteinwerke Polen GmbH Sp. z o.o. z o. o. ul. Morawskiego 5, 30-102 Krakau<\/div>                <\/div>\n            <\/div>\n\n            <div class=\"bg-static\"><\/div>        <\/div>\n\n        \t\t<\/div>\n\t\t\t\t<\/div>\n\t\t\t\t\t<\/div>\n\t\t<\/div>\n\t\t\t\t<div class=\"elementor-column elementor-col-50 elementor-inner-column elementor-element elementor-element-5ddab3a\" data-id=\"5ddab3a\" data-element_type=\"column\">\n\t\t\t<div class=\"elementor-widget-wrap elementor-element-populated\">\n\t\t\t\t\t\t\t\t<div class=\"elementor-element elementor-element-e39fc91 align-right animated-fast align--tabletcenter align--mobilecenter elementor-invisible elementor-widget elementor-widget-mae-button\" data-id=\"e39fc91\" data-element_type=\"widget\" data-settings=\"{&quot;_animation_delay&quot;:300,&quot;_animation&quot;:&quot;zoomIn&quot;}\" data-widget_type=\"mae-button.default\">\n\t\t\t\t<div class=\"elementor-widget-container\">\n\t\t\t\n        <a class=\"master-button btn-dark icon-none big\" href=\"http:\/\/www.hofmann.com.pl\/?page_id=8003\" \n            >\n\n            <span class=\"inner\">\n                <span class=\"content-base\">\n                                        <span class=\"text\">Kontakt<\/span>\n                                    <\/span>\n\n                <span class=\"content-hover\">\n                                        <span class=\"text\">Kontakt<\/span>\n                                    <\/span>\n            <\/span>\n\n            <span class=\"bg-hover\"><\/span>        <\/a>\n\n        \t\t<\/div>\n\t\t\t\t<\/div>\n\t\t\t\t\t<\/div>\n\t\t<\/div>\n\t\t\t\t\t\t\t<\/div>\n\t\t<\/section>\n\t\t\t\t<div class=\"elementor-element elementor-element-e804c0a elementor-widget elementor-widget-spacer\" data-id=\"e804c0a\" data-element_type=\"widget\" data-widget_type=\"spacer.default\">\n\t\t\t\t<div class=\"elementor-widget-container\">\n\t\t\t\t\t<div class=\"elementor-spacer\">\n\t\t\t<div class=\"elementor-spacer-inner\"><\/div>\n\t\t<\/div>\n\t\t\t\t<\/div>\n\t\t\t\t<\/div>\n\t\t\t\t\t<\/div>\n\t\t<\/div>\n\t\t\t\t\t\t\t<\/div>\n\t\t<\/section>\n\t\t\t\t\t\t\t<\/div>","protected":false},"excerpt":{"rendered":"<p>O firmie Firma Hofmann Natursteinwerke Polen GmbH Sp. z o.o. zosta\u0142a za\u0142o\u017cona w 1996 roku. W pocz\u0105tkowej fazie dzia\u0142alno\u015bci firma ogranicza\u0142a si\u0119 do wydobycia i exportu piaskowca Wartowice wydobywanego we w\u0142asnym kamienio\u0142omie \u201eWartowice\u201d w Wartowicach. W roku 1997 w Warcie Boles\u0142awieckiej na zakupionym gruncie powsta\u0142 du\u017cy plac sk\u0142adowy blok\u00f3w z<\/p>","protected":false},"author":1,"featured_media":0,"parent":0,"menu_order":0,"comment_status":"closed","ping_status":"closed","template":"","meta":{"footnotes":""},"class_list":["post-7963","page","type-page","status-publish","hentry"],"yoast_head":"<!-- This site is optimized with the Yoast SEO plugin v24.5 - https:\/\/yoast.com\/wordpress\/plugins\/seo\/ -->\n<title>O firmie - Hofmann<\/title>\n<meta name=\"robots\" content=\"index, follow, max-snippet:-1, max-image-preview:large, max-video-preview:-1\" \/>\n<link rel=\"canonical\" href=\"https:\/\/www.hofmann.com.pl\/de\/about-us\/\" \/>\n<meta property=\"og:locale\" content=\"de_DE\" \/>\n<meta property=\"og:type\" content=\"article\" \/>\n<meta property=\"og:title\" content=\"O firmie - Hofmann\" \/>\n<meta property=\"og:description\" content=\"O firmie Firma Hofmann Natursteinwerke Polen GmbH Sp. z o.o. zosta\u0142a za\u0142o\u017cona w 1996 roku. W pocz\u0105tkowej fazie dzia\u0142alno\u015bci firma ogranicza\u0142a si\u0119 do wydobycia i exportu piaskowca Wartowice wydobywanego we w\u0142asnym kamienio\u0142omie \u201eWartowice\u201d w Wartowicach. W roku 1997 w Warcie Boles\u0142awieckiej na zakupionym gruncie powsta\u0142 du\u017cy plac sk\u0142adowy blok\u00f3w z\" \/>\n<meta property=\"og:url\" content=\"https:\/\/www.hofmann.com.pl\/de\/about-us\/\" \/>\n<meta property=\"og:site_name\" content=\"Hofmann\" \/>\n<meta property=\"article:modified_time\" content=\"2023-11-02T14:16:28+00:00\" \/>\n<meta property=\"og:image\" content=\"http:\/\/www.hofmann.com.pl\/wp-content\/uploads\/2023\/08\/2014-10-03-09.00.44-scaled.jpg\" \/>\n<meta name=\"twitter:card\" content=\"summary_large_image\" \/>\n<meta name=\"twitter:label1\" content=\"Gesch\u00e4tzte Lesezeit\" \/>\n\t<meta name=\"twitter:data1\" content=\"2\u00a0Minuten\" \/>\n<script type=\"application\/ld+json\" class=\"yoast-schema-graph\">{\"@context\":\"https:\/\/schema.org\",\"@graph\":[{\"@type\":\"WebPage\",\"@id\":\"https:\/\/www.hofmann.com.pl\/de\/about-us\/\",\"url\":\"https:\/\/www.hofmann.com.pl\/de\/about-us\/\",\"name\":\"O firmie - Hofmann\",\"isPartOf\":{\"@id\":\"https:\/\/www.hofmann.com.pl\/#website\"},\"primaryImageOfPage\":{\"@id\":\"https:\/\/www.hofmann.com.pl\/de\/about-us\/#primaryimage\"},\"image\":{\"@id\":\"https:\/\/www.hofmann.com.pl\/de\/about-us\/#primaryimage\"},\"thumbnailUrl\":\"http:\/\/www.hofmann.com.pl\/wp-content\/uploads\/2023\/08\/2014-10-03-09.00.44-scaled.jpg\",\"datePublished\":\"2021-08-01T22:23:52+00:00\",\"dateModified\":\"2023-11-02T14:16:28+00:00\",\"breadcrumb\":{\"@id\":\"https:\/\/www.hofmann.com.pl\/de\/about-us\/#breadcrumb\"},\"inLanguage\":\"de\",\"potentialAction\":[{\"@type\":\"ReadAction\",\"target\":[\"https:\/\/www.hofmann.com.pl\/de\/about-us\/\"]}]},{\"@type\":\"ImageObject\",\"inLanguage\":\"de\",\"@id\":\"https:\/\/www.hofmann.com.pl\/de\/about-us\/#primaryimage\",\"url\":\"http:\/\/www.hofmann.com.pl\/wp-content\/uploads\/2023\/08\/2014-10-03-09.00.44-scaled.jpg\",\"contentUrl\":\"http:\/\/www.hofmann.com.pl\/wp-content\/uploads\/2023\/08\/2014-10-03-09.00.44-scaled.jpg\"},{\"@type\":\"BreadcrumbList\",\"@id\":\"https:\/\/www.hofmann.com.pl\/de\/about-us\/#breadcrumb\",\"itemListElement\":[{\"@type\":\"ListItem\",\"position\":1,\"name\":\"Strona g\u0142\u00f3wna\",\"item\":\"https:\/\/www.hofmann.com.pl\/de\/\"},{\"@type\":\"ListItem\",\"position\":2,\"name\":\"O firmie\"}]},{\"@type\":\"WebSite\",\"@id\":\"https:\/\/www.hofmann.com.pl\/#website\",\"url\":\"https:\/\/www.hofmann.com.pl\/\",\"name\":\"Hofmann\",\"description\":\"\",\"publisher\":{\"@id\":\"https:\/\/www.hofmann.com.pl\/#organization\"},\"potentialAction\":[{\"@type\":\"SearchAction\",\"target\":{\"@type\":\"EntryPoint\",\"urlTemplate\":\"https:\/\/www.hofmann.com.pl\/?s={search_term_string}\"},\"query-input\":{\"@type\":\"PropertyValueSpecification\",\"valueRequired\":true,\"valueName\":\"search_term_string\"}}],\"inLanguage\":\"de\"},{\"@type\":\"Organization\",\"@id\":\"https:\/\/www.hofmann.com.pl\/#organization\",\"name\":\"Hofmann\",\"url\":\"https:\/\/www.hofmann.com.pl\/\",\"logo\":{\"@type\":\"ImageObject\",\"inLanguage\":\"de\",\"@id\":\"https:\/\/www.hofmann.com.pl\/#\/schema\/logo\/image\/\",\"url\":\"\",\"contentUrl\":\"\",\"caption\":\"Hofmann\"},\"image\":{\"@id\":\"https:\/\/www.hofmann.com.pl\/#\/schema\/logo\/image\/\"}}]}<\/script>\n<!-- \/ Yoast SEO plugin. -->","yoast_head_json":{"title":"O firmie - Hofmann","robots":{"index":"index","follow":"follow","max-snippet":"max-snippet:-1","max-image-preview":"max-image-preview:large","max-video-preview":"max-video-preview:-1"},"canonical":"https:\/\/www.hofmann.com.pl\/de\/about-us\/","og_locale":"de_DE","og_type":"article","og_title":"O firmie - Hofmann","og_description":"O firmie Firma Hofmann Natursteinwerke Polen GmbH Sp. z o.o. zosta\u0142a za\u0142o\u017cona w 1996 roku. W pocz\u0105tkowej fazie dzia\u0142alno\u015bci firma ogranicza\u0142a si\u0119 do wydobycia i exportu piaskowca Wartowice wydobywanego we w\u0142asnym kamienio\u0142omie \u201eWartowice\u201d w Wartowicach. W roku 1997 w Warcie Boles\u0142awieckiej na zakupionym gruncie powsta\u0142 du\u017cy plac sk\u0142adowy blok\u00f3w z","og_url":"https:\/\/www.hofmann.com.pl\/de\/about-us\/","og_site_name":"Hofmann","article_modified_time":"2023-11-02T14:16:28+00:00","og_image":[{"url":"http:\/\/www.hofmann.com.pl\/wp-content\/uploads\/2023\/08\/2014-10-03-09.00.44-scaled.jpg","type":"","width":"","height":""}],"twitter_card":"summary_large_image","twitter_misc":{"Gesch\u00e4tzte Lesezeit":"2\u00a0Minuten"},"schema":{"@context":"https:\/\/schema.org","@graph":[{"@type":"WebPage","@id":"https:\/\/www.hofmann.com.pl\/de\/about-us\/","url":"https:\/\/www.hofmann.com.pl\/de\/about-us\/","name":"O firmie - Hofmann","isPartOf":{"@id":"https:\/\/www.hofmann.com.pl\/#website"},"primaryImageOfPage":{"@id":"https:\/\/www.hofmann.com.pl\/de\/about-us\/#primaryimage"},"image":{"@id":"https:\/\/www.hofmann.com.pl\/de\/about-us\/#primaryimage"},"thumbnailUrl":"http:\/\/www.hofmann.com.pl\/wp-content\/uploads\/2023\/08\/2014-10-03-09.00.44-scaled.jpg","datePublished":"2021-08-01T22:23:52+00:00","dateModified":"2023-11-02T14:16:28+00:00","breadcrumb":{"@id":"https:\/\/www.hofmann.com.pl\/de\/about-us\/#breadcrumb"},"inLanguage":"de","potentialAction":[{"@type":"ReadAction","target":["https:\/\/www.hofmann.com.pl\/de\/about-us\/"]}]},{"@type":"ImageObject","inLanguage":"de","@id":"https:\/\/www.hofmann.com.pl\/de\/about-us\/#primaryimage","url":"http:\/\/www.hofmann.com.pl\/wp-content\/uploads\/2023\/08\/2014-10-03-09.00.44-scaled.jpg","contentUrl":"http:\/\/www.hofmann.com.pl\/wp-content\/uploads\/2023\/08\/2014-10-03-09.00.44-scaled.jpg"},{"@type":"BreadcrumbList","@id":"https:\/\/www.hofmann.com.pl\/de\/about-us\/#breadcrumb","itemListElement":[{"@type":"ListItem","position":1,"name":"Strona g\u0142\u00f3wna","item":"https:\/\/www.hofmann.com.pl\/de\/"},{"@type":"ListItem","position":2,"name":"O firmie"}]},{"@type":"WebSite","@id":"https:\/\/www.hofmann.com.pl\/#website","url":"https:\/\/www.hofmann.com.pl\/","name":"Hofmann","description":"","publisher":{"@id":"https:\/\/www.hofmann.com.pl\/#organization"},"potentialAction":[{"@type":"SearchAction","target":{"@type":"EntryPoint","urlTemplate":"https:\/\/www.hofmann.com.pl\/?s={search_term_string}"},"query-input":{"@type":"PropertyValueSpecification","valueRequired":true,"valueName":"search_term_string"}}],"inLanguage":"de"},{"@type":"Organization","@id":"https:\/\/www.hofmann.com.pl\/#organization","name":"Hofmann","url":"https:\/\/www.hofmann.com.pl\/","logo":{"@type":"ImageObject","inLanguage":"de","@id":"https:\/\/www.hofmann.com.pl\/#\/schema\/logo\/image\/","url":"","contentUrl":"","caption":"Hofmann"},"image":{"@id":"https:\/\/www.hofmann.com.pl\/#\/schema\/logo\/image\/"}}]}},"_links":{"self":[{"href":"https:\/\/www.hofmann.com.pl\/de\/wp-json\/wp\/v2\/pages\/7963","targetHints":{"allow":["GET"]}}],"collection":[{"href":"https:\/\/www.hofmann.com.pl\/de\/wp-json\/wp\/v2\/pages"}],"about":[{"href":"https:\/\/www.hofmann.com.pl\/de\/wp-json\/wp\/v2\/types\/page"}],"author":[{"embeddable":true,"href":"https:\/\/www.hofmann.com.pl\/de\/wp-json\/wp\/v2\/users\/1"}],"replies":[{"embeddable":true,"href":"https:\/\/www.hofmann.com.pl\/de\/wp-json\/wp\/v2\/comments?post=7963"}],"version-history":[{"count":41,"href":"https:\/\/www.hofmann.com.pl\/de\/wp-json\/wp\/v2\/pages\/7963\/revisions"}],"predecessor-version":[{"id":9683,"href":"https:\/\/www.hofmann.com.pl\/de\/wp-json\/wp\/v2\/pages\/7963\/revisions\/9683"}],"wp:attachment":[{"href":"https:\/\/www.hofmann.com.pl\/de\/wp-json\/wp\/v2\/media?parent=7963"}],"curies":[{"name":"wp","href":"https:\/\/api.w.org\/{rel}","templated":true}]}}