{"id":8993,"date":"2021-08-08T02:12:32","date_gmt":"2021-08-08T00:12:32","guid":{"rendered":"https:\/\/tplabs.co\/ametok\/?page_id=3"},"modified":"2023-11-02T15:01:24","modified_gmt":"2023-11-02T14:01:24","slug":"privacy-policy","status":"publish","type":"page","link":"http:\/\/www.hofmann.com.pl\/de\/privacy-policy\/","title":{"rendered":"Datenschutz-Informationsblatt"},"content":{"rendered":"<div data-elementor-type=\"wp-page\" data-elementor-id=\"8993\" class=\"elementor elementor-8993\">\n\t\t\t\t\t\t\t\t\t<section class=\"elementor-section elementor-top-section elementor-element elementor-element-fea2608 elementor-section-boxed elementor-section-height-default elementor-section-height-default\" data-id=\"fea2608\" data-element_type=\"section\" data-no-translation=\"\">\n\t\t\t\t\t\t<div class=\"elementor-container elementor-column-gap-default\">\n\t\t\t\t\t<div class=\"elementor-column elementor-col-100 elementor-top-column elementor-element elementor-element-b2d8b22\" data-id=\"b2d8b22\" data-element_type=\"column\">\n\t\t\t<div class=\"elementor-widget-wrap elementor-element-populated\">\n\t\t\t\t\t\t\t\t<div class=\"elementor-element elementor-element-156a06b elementor-widget elementor-widget-text-editor\" data-id=\"156a06b\" data-element_type=\"widget\" data-widget_type=\"text-editor.default\">\n\t\t\t\t<div class=\"elementor-widget-container\">\n\t\t\t\t\t\t\t<p><!-- wp:heading --><\/p>\n<h3 style=\"text-align: center;\"><strong>Datenschutz-Informationsblatt<\/strong><\/h3>\n<h3 style=\"text-align: center;\"><strong>\u00fcber die Verarbeitung von personenbezogenen Daten<\/strong><\/h3>\n<ol>\n<li>Der Verantwortliche f\u00fcr die personenbezogenen Daten ist das Unternehmen Hofmann Natursteinwerke Polen GmbH Sp z o.o. mit Sitz in: 30-102 Krak\u00f3w ul. Morawskiego 5, Landesgerichtsregister KRS: 000114690,<\/li>\n<\/ol>\n<p>Steuernummer NIP: 677-17-47-757, Statistische Nummer REGON: 351211156<\/p>\n<ol start=\"2\">\n<li>Vom Verantwortlichen werden folgende Daten verarbeitet: Name, Anschrift, E-Mail-Adresse, Bankverbindung, Ansprechtelefon, Arbeitsort, ausge\u00fcbte Funktion<\/li>\n<li>Als der f\u00fcr die Verarbeitung Verantwortliche werden wir Ihre Daten verarbeiten, wenn dies mit unserem berechtigten Interesse zusammenh\u00e4ngt, insbesondere f\u00fcr:<\/li>\n<\/ol>\n<ul>\n<li>Bearbeitung und Umsetzung von Angebotsanfragen,<\/li>\n<li>Anlegen und Pflegen der Personenkonten,<\/li>\n<li>korrekte Abwicklung von Waren- und Dienstleistungsverk\u00e4ufen,\u00a0 Bearbeitung und Ausf\u00fchrung von Bestellungen, Vereinbarungen und Vertr\u00e4gen<\/li>\n<li>Abrechnung von erbrachten Leistungen und Leistungen im Rahmen der Gew\u00e4hrleistung und Garantie,<\/li>\n<li>Geltendmachung und Eintreibung von Anspr\u00fcchen und Forderungen<\/li>\n<li>Umfragen zur Kundenzufriedenheit<\/li>\n<li>Erstellung von internen Analysen und Statistiken f\u00fcr Marketingzwecke<\/li>\n<li>Vorbereitung von Werbeangeboten f\u00fcr Stammkunden und Benutzer<\/li>\n<li>zur Erf\u00fcllung der notwendigen buchhalterischen und steuerlichen Verpflichtungen<\/li>\n<\/ul>\n<p>4. Die erhaltenen Daten d\u00fcrfen von einer weiteren Stelle, d.h. einem weiteren Empf\u00e4nger oder einem Subunternehmer, den wir zur Erf\u00fcllung des Zwecks der Datenverarbeitung einsetzen, nur auf der Grundlage einer Vereinbarung, die die Einhaltung der Gesetze, die Sicherheit, die Transparenz und die Zuverl\u00e4ssigkeit der Daten f\u00fcr die betroffene Person gew\u00e4hrleistet, verarbeitet werden. Die Daten werden nicht ins Gebiet au\u00dferhalb von Polen und der Europ\u00e4ischen Union \u00fcbertragen.<\/p>\n<p>5. Die Bereitstellung der Daten ist freiwillig, und die im Zusammenhang mit der Zusammenarbeit mit der Hofmann Natursteinwerke Polen GmbH Sp.z o.o. erhaltenen Daten werden f\u00fcr den Zeitraum, der zur Erf\u00fcllung unserer Zwecke erforderlich ist, h\u00f6chstens 10 Jahren lang,<\/p>\n<p>6. Jeder, der Daten zur Verf\u00fcgung gestellt hat, hat das Recht, seine Zustimmung zur Verarbeitung zu widerrufen, sowie das Recht, beim Pr\u00e4sidenten des Amtes f\u00fcr den Schutz personenbezogener Daten Widerspruch einzulegen oder eine Beschwerde einzureichen.<\/p>\n<p>Der Widerruf der Zustimmung hat keinen Einfluss auf die Rechtm\u00e4\u00dfigkeit der Verarbeitung, die vor dem Widerruf auf der Grundlage der Zustimmung erfolgt ist.<\/p>\n<p>Wenn Sie Ihre Zustimmung widerrufen, legen Sie uns bitte eine entsprechende Erkl\u00e4rung vor.<\/p>\n<p>Hofmann Natursteinwerke GmbH Sp. z o.o.<\/p>\t\t\t\t\t\t<\/div>\n\t\t\t\t<\/div>\n\t\t\t\t\t<\/div>\n\t\t<\/div>\n\t\t\t\t\t\t\t<\/div>\n\t\t<\/section>\n\t\t\t\t\t\t\t<\/div>","protected":false},"excerpt":{"rendered":"<p>POLITYKA PRYWATNO\u015aCIRODO O przetwarzaniu danych osobowych Zgodnie z Rozporz\u0105dzeniem Parlamentu Europejskiego i Rady UE 2016\/679 z dnia 27.04.2016 kt\u00f3re wesz\u0142o w \u017cycie 25.05.2018 w sprawie ochrony os\u00f3b fizycznych w zwi\u0105zku z przetwarzaniem danych osobowych i w sprawie swobodnego przep\u0142ywu takich danych oraz uchylenia dyrektywy 95\/46 WE. Uprzejmie informujemy Pani\/Pana\/Pa\u0144stwa\/Firm\u0119 \u017ce<\/p>","protected":false},"author":1,"featured_media":0,"parent":0,"menu_order":0,"comment_status":"closed","ping_status":"closed","template":"","meta":{"footnotes":""},"class_list":["post-8993","page","type-page","status-publish","hentry"],"yoast_head":"<!-- This site is optimized with the Yoast SEO plugin v24.5 - https:\/\/yoast.com\/wordpress\/plugins\/seo\/ -->\n<title>Polityka prywatno\u015bci - Hofmann<\/title>\n<meta name=\"robots\" content=\"index, follow, max-snippet:-1, max-image-preview:large, max-video-preview:-1\" \/>\n<link rel=\"canonical\" href=\"http:\/\/www.hofmann.com.pl\/de\/privacy-policy\/\" \/>\n<meta property=\"og:locale\" content=\"de_DE\" \/>\n<meta property=\"og:type\" content=\"article\" \/>\n<meta property=\"og:title\" content=\"Polityka prywatno\u015bci - Hofmann\" \/>\n<meta property=\"og:description\" content=\"POLITYKA PRYWATNO\u015aCIRODO O przetwarzaniu danych osobowych Zgodnie z Rozporz\u0105dzeniem Parlamentu Europejskiego i Rady UE 2016\/679 z dnia 27.04.2016 kt\u00f3re wesz\u0142o w \u017cycie 25.05.2018 w sprawie ochrony os\u00f3b fizycznych w zwi\u0105zku z przetwarzaniem danych osobowych i w sprawie swobodnego przep\u0142ywu takich danych oraz uchylenia dyrektywy 95\/46 WE. Uprzejmie informujemy Pani\/Pana\/Pa\u0144stwa\/Firm\u0119 \u017ce\" \/>\n<meta property=\"og:url\" content=\"http:\/\/www.hofmann.com.pl\/de\/privacy-policy\/\" \/>\n<meta property=\"og:site_name\" content=\"Hofmann\" \/>\n<meta property=\"article:modified_time\" content=\"2023-11-02T14:01:24+00:00\" \/>\n<meta name=\"twitter:card\" content=\"summary_large_image\" \/>\n<meta name=\"twitter:label1\" content=\"Gesch\u00e4tzte Lesezeit\" \/>\n\t<meta name=\"twitter:data1\" content=\"7\u00a0Minuten\" \/>\n<script type=\"application\/ld+json\" class=\"yoast-schema-graph\">{\"@context\":\"https:\/\/schema.org\",\"@graph\":[{\"@type\":\"WebPage\",\"@id\":\"http:\/\/www.hofmann.com.pl\/de\/privacy-policy\/\",\"url\":\"http:\/\/www.hofmann.com.pl\/de\/privacy-policy\/\",\"name\":\"Polityka prywatno\u015bci - Hofmann\",\"isPartOf\":{\"@id\":\"http:\/\/www.hofmann.com.pl\/#website\"},\"datePublished\":\"2021-08-08T00:12:32+00:00\",\"dateModified\":\"2023-11-02T14:01:24+00:00\",\"breadcrumb\":{\"@id\":\"http:\/\/www.hofmann.com.pl\/de\/privacy-policy\/#breadcrumb\"},\"inLanguage\":\"de\",\"potentialAction\":[{\"@type\":\"ReadAction\",\"target\":[\"http:\/\/www.hofmann.com.pl\/de\/privacy-policy\/\"]}]},{\"@type\":\"BreadcrumbList\",\"@id\":\"http:\/\/www.hofmann.com.pl\/de\/privacy-policy\/#breadcrumb\",\"itemListElement\":[{\"@type\":\"ListItem\",\"position\":1,\"name\":\"Strona g\u0142\u00f3wna\",\"item\":\"http:\/\/www.hofmann.com.pl\/\"},{\"@type\":\"ListItem\",\"position\":2,\"name\":\"Polityka prywatno\u015bci\"}]},{\"@type\":\"WebSite\",\"@id\":\"http:\/\/www.hofmann.com.pl\/#website\",\"url\":\"http:\/\/www.hofmann.com.pl\/\",\"name\":\"Hofmann\",\"description\":\"\",\"publisher\":{\"@id\":\"http:\/\/www.hofmann.com.pl\/#organization\"},\"potentialAction\":[{\"@type\":\"SearchAction\",\"target\":{\"@type\":\"EntryPoint\",\"urlTemplate\":\"http:\/\/www.hofmann.com.pl\/?s={search_term_string}\"},\"query-input\":{\"@type\":\"PropertyValueSpecification\",\"valueRequired\":true,\"valueName\":\"search_term_string\"}}],\"inLanguage\":\"de\"},{\"@type\":\"Organization\",\"@id\":\"http:\/\/www.hofmann.com.pl\/#organization\",\"name\":\"Hofmann\",\"url\":\"http:\/\/www.hofmann.com.pl\/\",\"logo\":{\"@type\":\"ImageObject\",\"inLanguage\":\"de\",\"@id\":\"http:\/\/www.hofmann.com.pl\/#\/schema\/logo\/image\/\",\"url\":\"\",\"contentUrl\":\"\",\"caption\":\"Hofmann\"},\"image\":{\"@id\":\"http:\/\/www.hofmann.com.pl\/#\/schema\/logo\/image\/\"}}]}<\/script>\n<!-- \/ Yoast SEO plugin. -->","yoast_head_json":{"title":"Polityka prywatno\u015bci - Hofmann","robots":{"index":"index","follow":"follow","max-snippet":"max-snippet:-1","max-image-preview":"max-image-preview:large","max-video-preview":"max-video-preview:-1"},"canonical":"http:\/\/www.hofmann.com.pl\/de\/privacy-policy\/","og_locale":"de_DE","og_type":"article","og_title":"Polityka prywatno\u015bci - Hofmann","og_description":"POLITYKA PRYWATNO\u015aCIRODO O przetwarzaniu danych osobowych Zgodnie z Rozporz\u0105dzeniem Parlamentu Europejskiego i Rady UE 2016\/679 z dnia 27.04.2016 kt\u00f3re wesz\u0142o w \u017cycie 25.05.2018 w sprawie ochrony os\u00f3b fizycznych w zwi\u0105zku z przetwarzaniem danych osobowych i w sprawie swobodnego przep\u0142ywu takich danych oraz uchylenia dyrektywy 95\/46 WE. Uprzejmie informujemy Pani\/Pana\/Pa\u0144stwa\/Firm\u0119 \u017ce","og_url":"http:\/\/www.hofmann.com.pl\/de\/privacy-policy\/","og_site_name":"Hofmann","article_modified_time":"2023-11-02T14:01:24+00:00","twitter_card":"summary_large_image","twitter_misc":{"Gesch\u00e4tzte Lesezeit":"7\u00a0Minuten"},"schema":{"@context":"https:\/\/schema.org","@graph":[{"@type":"WebPage","@id":"http:\/\/www.hofmann.com.pl\/de\/privacy-policy\/","url":"http:\/\/www.hofmann.com.pl\/de\/privacy-policy\/","name":"Polityka prywatno\u015bci - Hofmann","isPartOf":{"@id":"http:\/\/www.hofmann.com.pl\/#website"},"datePublished":"2021-08-08T00:12:32+00:00","dateModified":"2023-11-02T14:01:24+00:00","breadcrumb":{"@id":"http:\/\/www.hofmann.com.pl\/de\/privacy-policy\/#breadcrumb"},"inLanguage":"de","potentialAction":[{"@type":"ReadAction","target":["http:\/\/www.hofmann.com.pl\/de\/privacy-policy\/"]}]},{"@type":"BreadcrumbList","@id":"http:\/\/www.hofmann.com.pl\/de\/privacy-policy\/#breadcrumb","itemListElement":[{"@type":"ListItem","position":1,"name":"Strona g\u0142\u00f3wna","item":"http:\/\/www.hofmann.com.pl\/"},{"@type":"ListItem","position":2,"name":"Polityka prywatno\u015bci"}]},{"@type":"WebSite","@id":"http:\/\/www.hofmann.com.pl\/#website","url":"http:\/\/www.hofmann.com.pl\/","name":"Hofmann","description":"","publisher":{"@id":"http:\/\/www.hofmann.com.pl\/#organization"},"potentialAction":[{"@type":"SearchAction","target":{"@type":"EntryPoint","urlTemplate":"http:\/\/www.hofmann.com.pl\/?s={search_term_string}"},"query-input":{"@type":"PropertyValueSpecification","valueRequired":true,"valueName":"search_term_string"}}],"inLanguage":"de"},{"@type":"Organization","@id":"http:\/\/www.hofmann.com.pl\/#organization","name":"Hofmann","url":"http:\/\/www.hofmann.com.pl\/","logo":{"@type":"ImageObject","inLanguage":"de","@id":"http:\/\/www.hofmann.com.pl\/#\/schema\/logo\/image\/","url":"","contentUrl":"","caption":"Hofmann"},"image":{"@id":"http:\/\/www.hofmann.com.pl\/#\/schema\/logo\/image\/"}}]}},"_links":{"self":[{"href":"http:\/\/www.hofmann.com.pl\/de\/wp-json\/wp\/v2\/pages\/8993","targetHints":{"allow":["GET"]}}],"collection":[{"href":"http:\/\/www.hofmann.com.pl\/de\/wp-json\/wp\/v2\/pages"}],"about":[{"href":"http:\/\/www.hofmann.com.pl\/de\/wp-json\/wp\/v2\/types\/page"}],"author":[{"embeddable":true,"href":"http:\/\/www.hofmann.com.pl\/de\/wp-json\/wp\/v2\/users\/1"}],"replies":[{"embeddable":true,"href":"http:\/\/www.hofmann.com.pl\/de\/wp-json\/wp\/v2\/comments?post=8993"}],"version-history":[{"count":13,"href":"http:\/\/www.hofmann.com.pl\/de\/wp-json\/wp\/v2\/pages\/8993\/revisions"}],"predecessor-version":[{"id":9670,"href":"http:\/\/www.hofmann.com.pl\/de\/wp-json\/wp\/v2\/pages\/8993\/revisions\/9670"}],"wp:attachment":[{"href":"http:\/\/www.hofmann.com.pl\/de\/wp-json\/wp\/v2\/media?parent=8993"}],"curies":[{"name":"wp","href":"https:\/\/api.w.org\/{rel}","templated":true}]}}